{"id":102,"date":"2013-12-29T11:45:29","date_gmt":"2013-12-29T16:45:29","guid":{"rendered":"http:\/\/chaudronweb.org\/wp\/?page_id=102"},"modified":"2025-06-30T11:45:10","modified_gmt":"2025-06-30T15:45:10","slug":"assemblees-generales","status":"publish","type":"page","link":"http:\/\/chaudronweb.org\/wp\/membres\/assemblees-generales\/","title":{"rendered":"Assembl\u00e9es g\u00e9n\u00e9rales"},"content":{"rendered":"<p>Les membres se r\u00e9unissent en assembl\u00e9e g\u00e9n\u00e9rale annuelle une fois par ann\u00e9e, au mois de juin. \u00c0 cette occasion, les membres re\u00e7oivent un document d&rsquo;assembl\u00e9e comprenant notamment un rapport d&rsquo;activit\u00e9s, un rapport financier ainsi que des perspectives pour l&rsquo;ann\u00e9e suivante.<\/p>\n<ul>\n<li><a href=\"http:\/\/chaudronweb.org\/wp\/wp-content\/uploads\/2025\/06\/Rapport-activites-2024-2025.pdf\">Rapport d&rsquo;activit\u00e9 2024-2025<\/a><\/li>\n<li><a href=\"http:\/\/chaudronweb.org\/wp\/wp-content\/uploads\/2024\/07\/Rapport-activites-2023-2024-et-perspectives-2024-2025FINAL.pdf\">Rapport d&rsquo;activit\u00e9 2023-2024<\/a><\/li>\n<li><a href=\"http:\/\/chaudronweb.org\/wp\/wp-content\/uploads\/2023\/06\/Rapport-activit\u00e9s-2022-2023-et-perspectives-2023-2024.pdf\">Rapport d&rsquo;activit\u00e9s 2022-2023<\/a><\/li>\n<li><a href=\"http:\/\/chaudronweb.org\/wp\/wp-content\/uploads\/2022\/06\/Rapport-activit\u00e9s-21-22-et-perspectives-22-23-LM.pdf\">Rapport d&rsquo;activit\u00e9s 2021-2022<\/a><\/li>\n<li><a href=\"http:\/\/chaudronweb.org\/wp\/wp-content\/uploads\/2021\/06\/2020-2021.pdf\">Rapport activit\u00e9s 2020-2021<\/a><\/li>\n<li><a href=\"http:\/\/chaudronweb.org\/wp\/wp-content\/uploads\/2020\/10\/Rapport-activit\u00e9s-2020-et-perspectives-2021web.pdf\">Rapport activit\u00e9s 2020<\/a><\/li>\n<li><a href=\"https:\/\/www.dropbox.com\/s\/m9le35mwuhoutae\/Document%20AGA%202019%20Final.pdf?dl=0\">AGA-2019<\/a><\/li>\n<li><a href=\"http:\/\/chaudronweb.org\/wp\/wp-content\/uploads\/2018\/06\/Document-AGA-2018-Final.pdf\">AGA-2018<\/a><\/li>\n<li><a href=\"http:\/\/chaudronweb.org\/wp\/wp-content\/uploads\/2017\/06\/Document-AGA-2017-FINAL.pdf\">AGA-2017<\/a><\/li>\n<li><a href=\"http:\/\/chaudronweb.org\/wp\/wp-content\/uploads\/2016\/06\/Document-AGA-2016-Final.pdf\">AGA-2016<\/a><\/li>\n<li><a href=\"http:\/\/chaudronweb.org\/wp\/wp-content\/uploads\/2015\/06\/Rapport-activites-2014-2015.pdf\">AGA-2015<\/a><\/li>\n<li><a href=\"http:\/\/chaudronweb.org\/wp\/wp-content\/uploads\/2013\/12\/Document-AGA-2014.pdf\">AGA-2014;<\/a><\/li>\n<li><a href=\"http:\/\/chaudronweb.org\/wp\/wp-content\/uploads\/2013\/12\/AGA-2013.pdf\">AGA-2013;<\/a><\/li>\n<li><a href=\"http:\/\/chaudronweb.org\/wp\/wp-content\/uploads\/2013\/12\/AGA-2012.pdf\">AGA-2012;<\/a><\/li>\n<li><a href=\"http:\/\/chaudronweb.org\/wp\/wp-content\/uploads\/2013\/12\/AGA-2011.pdf\">AGA-2011;<\/a><\/li>\n<li><a href=\"http:\/\/chaudronweb.org\/wp\/wp-content\/uploads\/2013\/12\/AGA-2010.pdf\">AGA-2010;<\/a><\/li>\n<li><a href=\"http:\/\/chaudronweb.org\/wp\/wp-content\/uploads\/2013\/12\/AGA-2009.pdf\">AGA-2009;<\/a><\/li>\n<li><a href=\"http:\/\/chaudronweb.org\/wp\/wp-content\/uploads\/2013\/12\/AGA-2008.pdf\">AGA-2008<\/a>.<\/li>\n<\/ul>\n","protected":false},"excerpt":{"rendered":"<p>Les membres se r\u00e9unissent en assembl\u00e9e g\u00e9n\u00e9rale annuelle une fois par ann\u00e9e, au mois de juin. \u00c0 cette occasion, les membres re\u00e7oivent un document d&rsquo;assembl\u00e9e comprenant notamment un rapport d&rsquo;activit\u00e9s, un rapport financier ainsi que des perspectives pour l&rsquo;ann\u00e9e suivante. Rapport d&rsquo;activit\u00e9 2024-2025 Rapport d&rsquo;activit\u00e9 2023-2024 Rapport d&rsquo;activit\u00e9s 2022-2023 Rapport d&rsquo;activit\u00e9s 2021-2022 Rapport activit\u00e9s 2020-2021 &#8230; <span class=\"more\"><a class=\"more-link\" href=\"http:\/\/chaudronweb.org\/wp\/membres\/assemblees-generales\/\">[Read more&#8230;]<\/a><\/span><\/p>\n","protected":false},"author":1,"featured_media":0,"parent":17,"menu_order":1,"comment_status":"closed","ping_status":"open","template":"","meta":{"footnotes":""},"class_list":["entry","page","publish","author-admin","post-102"],"_links":{"self":[{"href":"http:\/\/chaudronweb.org\/wp\/wp-json\/wp\/v2\/pages\/102","targetHints":{"allow":["GET"]}}],"collection":[{"href":"http:\/\/chaudronweb.org\/wp\/wp-json\/wp\/v2\/pages"}],"about":[{"href":"http:\/\/chaudronweb.org\/wp\/wp-json\/wp\/v2\/types\/page"}],"author":[{"embeddable":true,"href":"http:\/\/chaudronweb.org\/wp\/wp-json\/wp\/v2\/users\/1"}],"replies":[{"embeddable":true,"href":"http:\/\/chaudronweb.org\/wp\/wp-json\/wp\/v2\/comments?post=102"}],"version-history":[{"count":26,"href":"http:\/\/chaudronweb.org\/wp\/wp-json\/wp\/v2\/pages\/102\/revisions"}],"predecessor-version":[{"id":1476,"href":"http:\/\/chaudronweb.org\/wp\/wp-json\/wp\/v2\/pages\/102\/revisions\/1476"}],"up":[{"embeddable":true,"href":"http:\/\/chaudronweb.org\/wp\/wp-json\/wp\/v2\/pages\/17"}],"wp:attachment":[{"href":"http:\/\/chaudronweb.org\/wp\/wp-json\/wp\/v2\/media?parent=102"}],"curies":[{"name":"wp","href":"https:\/\/api.w.org\/{rel}","templated":true}]}}